{"id":1769,"date":"2024-07-15T16:27:58","date_gmt":"2024-07-15T16:27:58","guid":{"rendered":"https:\/\/sd.belgrade.dev\/nase-usluge\/"},"modified":"2024-07-17T08:26:25","modified_gmt":"2024-07-17T08:26:25","slug":"nase-usluge","status":"publish","type":"page","link":"https:\/\/smartdesign.com.hr\/sr\/nase-usluge\/","title":{"rendered":"Na\u0161e usluge"},"content":{"rendered":"\t\t<div data-elementor-type=\"wp-page\" data-elementor-id=\"1769\" class=\"elementor elementor-1769 elementor-492\" data-elementor-post-type=\"page\">\n\t\t\t\t<div class=\"elementor-element elementor-element-6f67d3c e-con-full e-flex e-con e-parent\" data-id=\"6f67d3c\" data-element_type=\"container\">\n\t\t\t\t<div class=\"elementor-element elementor-element-ab59983 elementor-widget elementor-widget-template\" data-id=\"ab59983\" data-element_type=\"widget\" data-widget_type=\"template.default\">\n\t\t\t\t<div class=\"elementor-widget-container\">\n\t\t\t\t\t\t\t<div class=\"elementor-template\">\n\t\t\t\t\t<div data-elementor-type=\"container\" data-elementor-id=\"1724\" class=\"elementor elementor-1724 elementor-212\" data-elementor-post-type=\"elementor_library\">\n\t\t\t\t<div class=\"elementor-element elementor-element-23f8ba2 e-flex e-con-boxed e-con e-parent\" data-id=\"23f8ba2\" data-element_type=\"container\">\n\t\t\t\t\t<div class=\"e-con-inner\">\n\t\t\t\t<div class=\"elementor-element elementor-element-6400838 elementor-widget__width-inherit elementor-widget elementor-widget-html\" data-id=\"6400838\" data-element_type=\"widget\" data-widget_type=\"html.default\">\n\t\t\t\t<div class=\"elementor-widget-container\">\n\t\t\t\t\t<div class=\"page-lines\">\n                <div class=\"page-line\">\n                <\/div>\n                <div class=\"page-line\">\n                <\/div>\n                <div class=\"page-line\">\n                <\/div>\n                <div class=\"page-line\">\n                <\/div>\n                <div class=\"page-line\">\n                <\/div>\n            <\/div>\t\t\t\t<\/div>\n\t\t\t\t<\/div>\n\t\t\t\t\t<\/div>\n\t\t\t\t<\/div>\n\t\t\t\t<\/div>\n\t\t\t\t<\/div>\n\t\t\t\t\t\t<\/div>\n\t\t\t\t<\/div>\n\t\t\t\t<\/div>\n\t\t<div class=\"elementor-element elementor-element-5c3a767 e-flex e-con-boxed e-con e-parent\" data-id=\"5c3a767\" data-element_type=\"container\">\n\t\t\t\t\t<div class=\"e-con-inner\">\n\t\t\t\t<div class=\"elementor-element elementor-element-4dde161 elementor-widget elementor-widget-template\" data-id=\"4dde161\" data-element_type=\"widget\" data-widget_type=\"template.default\">\n\t\t\t\t<div class=\"elementor-widget-container\">\n\t\t\t\t\t\t\t<div class=\"elementor-template\">\n\t\t\t\t\t<div data-elementor-type=\"container\" data-elementor-id=\"1716\" class=\"elementor elementor-1716 elementor-494\" data-elementor-post-type=\"elementor_library\">\n\t\t\t\t<div class=\"elementor-element elementor-element-2ea8d389 e-con-full e-flex e-con e-child\" data-id=\"2ea8d389\" data-element_type=\"container\">\n\t\t<div class=\"elementor-element elementor-element-3eaf8ece e-con-full container-to-hover  e-flex e-con e-child\" data-id=\"3eaf8ece\" data-element_type=\"container\" data-settings=\"{&quot;background_background&quot;:&quot;classic&quot;}\">\n\t\t\t\t<div class=\"elementor-element elementor-element-2dbd8b17 white-border elementor-widget elementor-widget-image\" data-id=\"2dbd8b17\" data-element_type=\"widget\" data-widget_type=\"image.default\">\n\t\t\t\t<div class=\"elementor-widget-container\">\n\t\t\t\t\t\t\t\t\t\t\t\t\t\t\t<img fetchpriority=\"high\" decoding=\"async\" width=\"800\" height=\"527\" src=\"https:\/\/smartdesign.com.hr\/wp-content\/uploads\/2024\/07\/kik1-1024x674.jpg\" class=\"attachment-large size-large wp-image-1840\" alt=\"\" srcset=\"https:\/\/smartdesign.com.hr\/wp-content\/uploads\/2024\/07\/kik1-1024x674.jpg 1024w, https:\/\/smartdesign.com.hr\/wp-content\/uploads\/2024\/07\/kik1-300x197.jpg 300w, https:\/\/smartdesign.com.hr\/wp-content\/uploads\/2024\/07\/kik1-768x506.jpg 768w, https:\/\/smartdesign.com.hr\/wp-content\/uploads\/2024\/07\/kik1.jpg 1030w\" sizes=\"(max-width: 800px) 100vw, 800px\" \/>\t\t\t\t\t\t\t\t\t\t\t\t\t\t\t<\/div>\n\t\t\t\t<\/div>\n\t\t\t\t<div class=\"elementor-element elementor-element-2aa45eb5 elementor-widget-divider--view-line_text divider-header elementor-widget-divider--element-align-center elementor-widget elementor-widget-divider\" data-id=\"2aa45eb5\" data-element_type=\"widget\" data-widget_type=\"divider.default\">\n\t\t\t\t<div class=\"elementor-widget-container\">\n\t\t\t\t\t\t\t<div class=\"elementor-divider\">\n\t\t\t<span class=\"elementor-divider-separator\">\n\t\t\t\t\t\t\t<span class=\"elementor-divider__text elementor-divider__element\">\n\t\t\t\tPristup dizajnu\t\t\t\t<\/span>\n\t\t\t\t\t\t<\/span>\n\t\t<\/div>\n\t\t\t\t\t\t<\/div>\n\t\t\t\t<\/div>\n\t\t\t\t<div class=\"elementor-element elementor-element-6e188b23 elementor-widget elementor-widget-text-editor\" data-id=\"6e188b23\" data-element_type=\"widget\" data-widget_type=\"text-editor.default\">\n\t\t\t\t<div class=\"elementor-widget-container\">\n\t\t\t\t\t\t\t\t\t<p>Svaki dizajn predstavlja savr\u0161eno i jedinstveno re\u0161enje koje doprinosi olak\u0161avanju i ulep\u0161avanju svakodnevnog \u017eivota ljudi, razli\u010ditih kultura i narodnosti. Originalnost i elegancija u dizajnu reflektuju se kroz svaki projekat, osmi\u0161ljen tako da odgovori na sve zahteve i razli\u010dite situacije. Kombinujemo moderne dekorativne proizvode\u00a0 sa na\u0161om kvalitetnom izradom i izvodimo projekte\u00a0po principu \u201cklju\u010d u ruke\u201d.<\/p>\t\t\t\t\t\t\t\t<\/div>\n\t\t\t\t<\/div>\n\t\t\t\t<\/div>\n\t\t<div class=\"elementor-element elementor-element-4aa793be e-con-full container-to-hover  e-flex e-con e-child\" data-id=\"4aa793be\" data-element_type=\"container\" data-settings=\"{&quot;background_background&quot;:&quot;classic&quot;}\">\n\t\t\t\t<div class=\"elementor-element elementor-element-1887e834 white-border elementor-widget elementor-widget-image\" data-id=\"1887e834\" data-element_type=\"widget\" data-widget_type=\"image.default\">\n\t\t\t\t<div class=\"elementor-widget-container\">\n\t\t\t\t\t\t\t\t\t\t\t\t\t\t\t<img decoding=\"async\" width=\"800\" height=\"534\" src=\"https:\/\/smartdesign.com.hr\/wp-content\/uploads\/2024\/07\/kik4-1024x683.jpg\" class=\"attachment-large size-large wp-image-1846\" alt=\"\" srcset=\"https:\/\/smartdesign.com.hr\/wp-content\/uploads\/2024\/07\/kik4-1024x683.jpg 1024w, https:\/\/smartdesign.com.hr\/wp-content\/uploads\/2024\/07\/kik4-300x200.jpg 300w, https:\/\/smartdesign.com.hr\/wp-content\/uploads\/2024\/07\/kik4-768x512.jpg 768w, https:\/\/smartdesign.com.hr\/wp-content\/uploads\/2024\/07\/kik4.jpg 1200w\" sizes=\"(max-width: 800px) 100vw, 800px\" \/>\t\t\t\t\t\t\t\t\t\t\t\t\t\t\t<\/div>\n\t\t\t\t<\/div>\n\t\t\t\t<div class=\"elementor-element elementor-element-1d2d403c elementor-widget-divider--view-line_text divider-header elementor-widget-divider--element-align-center elementor-widget elementor-widget-divider\" data-id=\"1d2d403c\" data-element_type=\"widget\" data-widget_type=\"divider.default\">\n\t\t\t\t<div class=\"elementor-widget-container\">\n\t\t\t\t\t\t\t<div class=\"elementor-divider\">\n\t\t\t<span class=\"elementor-divider-separator\">\n\t\t\t\t\t\t\t<span class=\"elementor-divider__text elementor-divider__element\">\n\t\t\t\t\u201eKlju\u010d u ruke\u201c\t\t\t\t<\/span>\n\t\t\t\t\t\t<\/span>\n\t\t<\/div>\n\t\t\t\t\t\t<\/div>\n\t\t\t\t<\/div>\n\t\t\t\t<div class=\"elementor-element elementor-element-2f9e9d53 elementor-widget elementor-widget-text-editor\" data-id=\"2f9e9d53\" data-element_type=\"widget\" data-widget_type=\"text-editor.default\">\n\t\t\t\t<div class=\"elementor-widget-container\">\n\t\t\t\t\t\t\t\t\t<p>Uklju\u010deni smo u sve etape radova u va\u0161em objektu, od konsultacija, projektovanja do radova na implementaciji eksterijera i enterijera, te na ovaj na\u010din dobijate kompletan projekat, bez potrebe da anga\u017eujete drugu kompaniju ili majstore. Smart design\u00a0 sa svojim stru\u010dnim timom izvodi kompletne radove renoviranja i dekoracije va\u0161eg doma, tako da sve va\u0161e ideje i zamisli budu realizovane na najbolji mogu\u0107i na\u010din. Va\u0161 prostor dobi\u0107e sasvim novu dimenziju lepote i funkcionalnosti, uokvirene u jedan savremeni dizajn, u kome va\u0161a autenti\u010dnost provejava kroz svaki detalj va\u0161eg doma.<\/p>\t\t\t\t\t\t\t\t<\/div>\n\t\t\t\t<\/div>\n\t\t\t\t<\/div>\n\t\t<div class=\"elementor-element elementor-element-215a1296 e-con-full container-to-hover  e-flex e-con e-child\" data-id=\"215a1296\" data-element_type=\"container\" data-settings=\"{&quot;background_background&quot;:&quot;classic&quot;}\">\n\t\t\t\t<div class=\"elementor-element elementor-element-43b6bbf8 white-border elementor-widget elementor-widget-image\" data-id=\"43b6bbf8\" data-element_type=\"widget\" data-widget_type=\"image.default\">\n\t\t\t\t<div class=\"elementor-widget-container\">\n\t\t\t\t\t\t\t\t\t\t\t\t\t\t\t<img decoding=\"async\" width=\"800\" height=\"534\" src=\"https:\/\/smartdesign.com.hr\/wp-content\/uploads\/2024\/07\/kik3-1-1024x683.jpg\" class=\"attachment-large size-large wp-image-1852\" alt=\"\" srcset=\"https:\/\/smartdesign.com.hr\/wp-content\/uploads\/2024\/07\/kik3-1-1024x683.jpg 1024w, https:\/\/smartdesign.com.hr\/wp-content\/uploads\/2024\/07\/kik3-1-300x200.jpg 300w, https:\/\/smartdesign.com.hr\/wp-content\/uploads\/2024\/07\/kik3-1-768x512.jpg 768w, https:\/\/smartdesign.com.hr\/wp-content\/uploads\/2024\/07\/kik3-1.jpg 1254w\" sizes=\"(max-width: 800px) 100vw, 800px\" \/>\t\t\t\t\t\t\t\t\t\t\t\t\t\t\t<\/div>\n\t\t\t\t<\/div>\n\t\t\t\t<div class=\"elementor-element elementor-element-17097e88 elementor-widget-divider--view-line_text divider-header elementor-widget-divider--element-align-center elementor-widget elementor-widget-divider\" data-id=\"17097e88\" data-element_type=\"widget\" data-widget_type=\"divider.default\">\n\t\t\t\t<div class=\"elementor-widget-container\">\n\t\t\t\t\t\t\t<div class=\"elementor-divider\">\n\t\t\t<span class=\"elementor-divider-separator\">\n\t\t\t\t\t\t\t<span class=\"elementor-divider__text elementor-divider__element\">\n\t\t\t\tNa\u0161e usluge dekoracije\t\t\t\t<\/span>\n\t\t\t\t\t\t<\/span>\n\t\t<\/div>\n\t\t\t\t\t\t<\/div>\n\t\t\t\t<\/div>\n\t\t\t\t<div class=\"elementor-element elementor-element-2ae7d2c9 elementor-widget elementor-widget-text-editor\" data-id=\"2ae7d2c9\" data-element_type=\"widget\" data-widget_type=\"text-editor.default\">\n\t\t\t\t<div class=\"elementor-widget-container\">\n\t\t\t\t\t\t\t\t\t<p>Najpre, na\u0161 stru\u010dni tim izlazi na lice mesta gde se upoznaje sa va\u0161im \u017eeljama, potrebama i stilskim idejama koje preferirate. Zajedno istra\u017eujemo materijale, stilove, name\u0161taj i dodatnu opremu koja bi se najbolje uklopila u va\u0161 prostor. Nakon toga na\u0161e arhitekte kreiraju idejna re\u0161enja u formi 2D crte\u017ea, 3D modela i rendera za svaku prostoriju u roku od nekoliko dana, gde je detaljno predstavaljen svaki kutak va\u0161eg budu\u0107eg prostora. Nudimo brze, kvalitetne i udobne stambene prostore dizajnirane u skladu sa va\u0161im bud\u017eetom. \u017delimo da svaki na\u0161 odra\u0111eni projekat nosi poruku lepote i kreativnosti, harmonije i sklada, da unese jednu novu, modernu i lepu energiju u va\u0161 \u017eivot.<\/p>\t\t\t\t\t\t\t\t<\/div>\n\t\t\t\t<\/div>\n\t\t\t\t<\/div>\n\t\t\t\t<\/div>\n\t\t\t\t<\/div>\n\t\t\t\t<\/div>\n\t\t\t\t\t\t<\/div>\n\t\t\t\t<\/div>\n\t\t\t\t\t<\/div>\n\t\t\t\t<\/div>\n\t\t\t\t<\/div>\n\t\t","protected":false},"excerpt":{"rendered":"","protected":false},"author":1,"featured_media":0,"parent":0,"menu_order":0,"comment_status":"closed","ping_status":"closed","template":"","meta":{"_acf_changed":false,"footnotes":""},"class_list":["post-1769","page","type-page","status-publish","hentry"],"acf":[],"yoast_head":"<!-- This site is optimized with the Yoast SEO plugin v24.1 - https:\/\/yoast.com\/wordpress\/plugins\/seo\/ -->\n<title>Na\u0161e usluge - Smart Design<\/title>\n<meta name=\"robots\" content=\"index, follow, max-snippet:-1, max-image-preview:large, max-video-preview:-1\" \/>\n<link rel=\"canonical\" href=\"https:\/\/smartdesign.com.hr\/sr\/nase-usluge\/\" \/>\n<meta property=\"og:locale\" content=\"sr_RS\" \/>\n<meta property=\"og:type\" content=\"article\" \/>\n<meta property=\"og:title\" content=\"Na\u0161e usluge - Smart Design\" \/>\n<meta property=\"og:url\" content=\"https:\/\/smartdesign.com.hr\/sr\/nase-usluge\/\" \/>\n<meta property=\"og:site_name\" content=\"Smart Design\" \/>\n<meta property=\"article:modified_time\" content=\"2024-07-17T08:26:25+00:00\" \/>\n<meta name=\"twitter:card\" content=\"summary_large_image\" \/>\n<script type=\"application\/ld+json\" class=\"yoast-schema-graph\">{\"@context\":\"https:\/\/schema.org\",\"@graph\":[{\"@type\":\"WebPage\",\"@id\":\"https:\/\/smartdesign.com.hr\/sr\/nase-usluge\/\",\"url\":\"https:\/\/smartdesign.com.hr\/sr\/nase-usluge\/\",\"name\":\"Na\u0161e usluge - Smart Design\",\"isPartOf\":{\"@id\":\"https:\/\/smartdesign.com.hr\/#website\"},\"datePublished\":\"2024-07-15T16:27:58+00:00\",\"dateModified\":\"2024-07-17T08:26:25+00:00\",\"breadcrumb\":{\"@id\":\"https:\/\/smartdesign.com.hr\/sr\/nase-usluge\/#breadcrumb\"},\"inLanguage\":\"sr-RS\",\"potentialAction\":[{\"@type\":\"ReadAction\",\"target\":[\"https:\/\/smartdesign.com.hr\/sr\/nase-usluge\/\"]}]},{\"@type\":\"BreadcrumbList\",\"@id\":\"https:\/\/smartdesign.com.hr\/sr\/nase-usluge\/#breadcrumb\",\"itemListElement\":[{\"@type\":\"ListItem\",\"position\":1,\"name\":\"Po\u010detna stranica\",\"item\":\"https:\/\/smartdesign.com.hr\/\"},{\"@type\":\"ListItem\",\"position\":2,\"name\":\"Na\u0161e usluge\"}]},{\"@type\":\"WebSite\",\"@id\":\"https:\/\/smartdesign.com.hr\/#website\",\"url\":\"https:\/\/smartdesign.com.hr\/\",\"name\":\"Smart Design\",\"description\":\"\",\"potentialAction\":[{\"@type\":\"SearchAction\",\"target\":{\"@type\":\"EntryPoint\",\"urlTemplate\":\"https:\/\/smartdesign.com.hr\/?s={search_term_string}\"},\"query-input\":{\"@type\":\"PropertyValueSpecification\",\"valueRequired\":true,\"valueName\":\"search_term_string\"}}],\"inLanguage\":\"sr-RS\"}]}<\/script>\n<!-- \/ Yoast SEO plugin. -->","yoast_head_json":{"title":"Na\u0161e usluge - Smart Design","robots":{"index":"index","follow":"follow","max-snippet":"max-snippet:-1","max-image-preview":"max-image-preview:large","max-video-preview":"max-video-preview:-1"},"canonical":"https:\/\/smartdesign.com.hr\/sr\/nase-usluge\/","og_locale":"sr_RS","og_type":"article","og_title":"Na\u0161e usluge - Smart Design","og_url":"https:\/\/smartdesign.com.hr\/sr\/nase-usluge\/","og_site_name":"Smart Design","article_modified_time":"2024-07-17T08:26:25+00:00","twitter_card":"summary_large_image","schema":{"@context":"https:\/\/schema.org","@graph":[{"@type":"WebPage","@id":"https:\/\/smartdesign.com.hr\/sr\/nase-usluge\/","url":"https:\/\/smartdesign.com.hr\/sr\/nase-usluge\/","name":"Na\u0161e usluge - Smart Design","isPartOf":{"@id":"https:\/\/smartdesign.com.hr\/#website"},"datePublished":"2024-07-15T16:27:58+00:00","dateModified":"2024-07-17T08:26:25+00:00","breadcrumb":{"@id":"https:\/\/smartdesign.com.hr\/sr\/nase-usluge\/#breadcrumb"},"inLanguage":"sr-RS","potentialAction":[{"@type":"ReadAction","target":["https:\/\/smartdesign.com.hr\/sr\/nase-usluge\/"]}]},{"@type":"BreadcrumbList","@id":"https:\/\/smartdesign.com.hr\/sr\/nase-usluge\/#breadcrumb","itemListElement":[{"@type":"ListItem","position":1,"name":"Po\u010detna stranica","item":"https:\/\/smartdesign.com.hr\/"},{"@type":"ListItem","position":2,"name":"Na\u0161e usluge"}]},{"@type":"WebSite","@id":"https:\/\/smartdesign.com.hr\/#website","url":"https:\/\/smartdesign.com.hr\/","name":"Smart Design","description":"","potentialAction":[{"@type":"SearchAction","target":{"@type":"EntryPoint","urlTemplate":"https:\/\/smartdesign.com.hr\/?s={search_term_string}"},"query-input":{"@type":"PropertyValueSpecification","valueRequired":true,"valueName":"search_term_string"}}],"inLanguage":"sr-RS"}]}},"_links":{"self":[{"href":"https:\/\/smartdesign.com.hr\/sr\/wp-json\/wp\/v2\/pages\/1769","targetHints":{"allow":["GET"]}}],"collection":[{"href":"https:\/\/smartdesign.com.hr\/sr\/wp-json\/wp\/v2\/pages"}],"about":[{"href":"https:\/\/smartdesign.com.hr\/sr\/wp-json\/wp\/v2\/types\/page"}],"author":[{"embeddable":true,"href":"https:\/\/smartdesign.com.hr\/sr\/wp-json\/wp\/v2\/users\/1"}],"replies":[{"embeddable":true,"href":"https:\/\/smartdesign.com.hr\/sr\/wp-json\/wp\/v2\/comments?post=1769"}],"version-history":[{"count":1,"href":"https:\/\/smartdesign.com.hr\/sr\/wp-json\/wp\/v2\/pages\/1769\/revisions"}],"predecessor-version":[{"id":1770,"href":"https:\/\/smartdesign.com.hr\/sr\/wp-json\/wp\/v2\/pages\/1769\/revisions\/1770"}],"wp:attachment":[{"href":"https:\/\/smartdesign.com.hr\/sr\/wp-json\/wp\/v2\/media?parent=1769"}],"curies":[{"name":"wp","href":"https:\/\/api.w.org\/{rel}","templated":true}]}}